{"id":746,"date":"2025-06-16T19:46:20","date_gmt":"2025-06-16T17:46:20","guid":{"rendered":"https:\/\/www.cr-bogenschuetzen.de\/index.php\/startseite-2\/"},"modified":"2026-03-02T19:34:27","modified_gmt":"2026-03-02T18:34:27","slug":"startseite-2","status":"publish","type":"page","link":"https:\/\/www.cr-bogenschuetzen.de\/","title":{"rendered":"Startseite"},"content":{"rendered":"\t\t<div data-elementor-type=\"wp-page\" data-elementor-id=\"746\" class=\"elementor elementor-746\">\n\t\t\t\t<div class=\"elementor-element elementor-element-4b2422c e-flex e-con-boxed e-con e-parent\" data-id=\"4b2422c\" data-element_type=\"container\" data-e-type=\"container\">\n\t\t\t\t\t<div class=\"e-con-inner\">\n\t\t<div class=\"elementor-element elementor-element-ce7020e e-con-full e-flex e-con e-child\" data-id=\"ce7020e\" data-element_type=\"container\" data-e-type=\"container\">\n\t\t\t\t<div class=\"elementor-element elementor-element-0e1ddf8 elementor-widget__width-initial elementor-hidden-mobile elementor-widget elementor-widget-image\" data-id=\"0e1ddf8\" data-element_type=\"widget\" data-e-type=\"widget\" data-widget_type=\"image.default\">\n\t\t\t\t<div class=\"elementor-widget-container\">\n\t\t\t\t\t\t\t\t\t\t\t\t\t\t\t<img fetchpriority=\"high\" decoding=\"async\" width=\"768\" height=\"768\" src=\"https:\/\/www.cr-bogenschuetzen.de\/wp-content\/uploads\/2025\/05\/2-768x768.png\" class=\"attachment-medium_large size-medium_large wp-image-559\" alt=\"\" srcset=\"https:\/\/www.cr-bogenschuetzen.de\/wp-content\/uploads\/2025\/05\/2-768x768.png 768w, https:\/\/www.cr-bogenschuetzen.de\/wp-content\/uploads\/2025\/05\/2-300x300.png 300w, https:\/\/www.cr-bogenschuetzen.de\/wp-content\/uploads\/2025\/05\/2-1024x1024.png 1024w, https:\/\/www.cr-bogenschuetzen.de\/wp-content\/uploads\/2025\/05\/2-150x150.png 150w, https:\/\/www.cr-bogenschuetzen.de\/wp-content\/uploads\/2025\/05\/2-1536x1536.png 1536w, https:\/\/www.cr-bogenschuetzen.de\/wp-content\/uploads\/2025\/05\/2.png 2000w\" sizes=\"(max-width: 768px) 100vw, 768px\" \/>\t\t\t\t\t\t\t\t\t\t\t\t\t\t\t<\/div>\n\t\t\t\t<\/div>\n\t\t\t\t<div class=\"elementor-element elementor-element-3681724 elementor-widget__width-initial elementor-hidden-desktop elementor-hidden-tablet elementor-widget elementor-widget-image\" data-id=\"3681724\" data-element_type=\"widget\" data-e-type=\"widget\" data-widget_type=\"image.default\">\n\t\t\t\t<div class=\"elementor-widget-container\">\n\t\t\t\t\t\t\t\t\t\t\t\t\t\t\t<img fetchpriority=\"high\" decoding=\"async\" width=\"768\" height=\"768\" src=\"https:\/\/www.cr-bogenschuetzen.de\/wp-content\/uploads\/2025\/05\/2-768x768.png\" class=\"attachment-medium_large size-medium_large wp-image-559\" alt=\"\" srcset=\"https:\/\/www.cr-bogenschuetzen.de\/wp-content\/uploads\/2025\/05\/2-768x768.png 768w, https:\/\/www.cr-bogenschuetzen.de\/wp-content\/uploads\/2025\/05\/2-300x300.png 300w, https:\/\/www.cr-bogenschuetzen.de\/wp-content\/uploads\/2025\/05\/2-1024x1024.png 1024w, https:\/\/www.cr-bogenschuetzen.de\/wp-content\/uploads\/2025\/05\/2-150x150.png 150w, https:\/\/www.cr-bogenschuetzen.de\/wp-content\/uploads\/2025\/05\/2-1536x1536.png 1536w, https:\/\/www.cr-bogenschuetzen.de\/wp-content\/uploads\/2025\/05\/2.png 2000w\" sizes=\"(max-width: 768px) 100vw, 768px\" \/>\t\t\t\t\t\t\t\t\t\t\t\t\t\t\t<\/div>\n\t\t\t\t<\/div>\n\t\t\t\t<\/div>\n\t\t<div class=\"elementor-element elementor-element-b1d2c86 e-con-full e-flex e-con e-child\" data-id=\"b1d2c86\" data-element_type=\"container\" data-e-type=\"container\">\n\t\t\t\t<div class=\"elementor-element elementor-element-18a0aea elementor-hidden-desktop elementor-hidden-tablet elementor-widget elementor-widget-heading\" data-id=\"18a0aea\" data-element_type=\"widget\" data-e-type=\"widget\" data-widget_type=\"heading.default\">\n\t\t\t\t<div class=\"elementor-widget-container\">\n\t\t\t\t\t<h3 class=\"elementor-heading-title elementor-size-default\">Willkommen bei den Crailsheimer Bogensch\u00fctzen!<\/h3>\t\t\t\t<\/div>\n\t\t\t\t<\/div>\n\t\t\t\t<div class=\"elementor-element elementor-element-74a8290 elementor-hidden-mobile elementor-widget elementor-widget-heading\" data-id=\"74a8290\" data-element_type=\"widget\" data-e-type=\"widget\" data-widget_type=\"heading.default\">\n\t\t\t\t<div class=\"elementor-widget-container\">\n\t\t\t\t\t<h2 class=\"elementor-heading-title elementor-size-default\">Willkommen bei den <br>Crailsheimer Bogensch\u00fctzen!<\/h2>\t\t\t\t<\/div>\n\t\t\t\t<\/div>\n\t\t\t\t<div class=\"elementor-element elementor-element-06d9320 elementor-widget elementor-widget-text-editor\" data-id=\"06d9320\" data-element_type=\"widget\" data-e-type=\"widget\" data-widget_type=\"text-editor.default\">\n\t\t\t\t<div class=\"elementor-widget-container\">\n\t\t\t\t\t\t\t\t\t<p>Mitten im sch\u00f6nen Hohenlohe-Franken, zwischen Tradition und Pr\u00e4zision, liegt unsere Leidenschaft: das Bogenschie\u00dfen.<\/p><p>Ob Anf\u00e4nger oder erfahrener Sch\u00fctze \u2013 bei uns findet jeder seinen Platz. Unser Verein steht f\u00fcr Gemeinschaft, sportlichen Ehrgeiz und die Faszination eines der \u00e4ltesten Sportarten der Welt.<\/p><p><strong>Ziele setzen. Pfeile fliegen lassen. Gemeinschaft erleben.<\/strong><\/p>\t\t\t\t\t\t\t\t<\/div>\n\t\t\t\t<\/div>\n\t\t\t\t<div class=\"elementor-element elementor-element-66ed98f elementor-align-center elementor-widget elementor-widget-button\" data-id=\"66ed98f\" data-element_type=\"widget\" data-e-type=\"widget\" data-widget_type=\"button.default\">\n\t\t\t\t<div class=\"elementor-widget-container\">\n\t\t\t\t\t\t\t\t\t<div class=\"elementor-button-wrapper\">\n\t\t\t\t\t<a class=\"elementor-button elementor-button-link elementor-size-sm elementor-animation-bounce-in\" href=\"mailto:info@cr-bogenschuetzen.de?subject=Ich%20m%C3%B6chte%20Mitglied%20werden!&#038;body=Hallo%20zusammen%2C%0A%0Aich%20habe%20Interesse%20an%20der%20Mitgliedschaft%20im%20Verein.%0A%0AName%3A%20%0AVorname%3A%20%0AE-Mail%3A%0ATelefon%3A\" rel=\"nofollow\">\n\t\t\t\t\t\t<span class=\"elementor-button-content-wrapper\">\n\t\t\t\t\t\t\t\t\t<span class=\"elementor-button-text\">Hier klicken und Mitglied werden!<\/span>\n\t\t\t\t\t<\/span>\n\t\t\t\t\t<\/a>\n\t\t\t\t<\/div>\n\t\t\t\t\t\t\t\t<\/div>\n\t\t\t\t<\/div>\n\t\t\t\t<\/div>\n\t\t\t\t\t<\/div>\n\t\t\t\t<\/div>\n\t\t<div class=\"elementor-element elementor-element-0da8d41 e-flex e-con-boxed e-con e-parent\" data-id=\"0da8d41\" data-element_type=\"container\" data-e-type=\"container\">\n\t\t\t\t\t<div class=\"e-con-inner\">\n\t\t<div class=\"elementor-element elementor-element-54d00f5 e-con-full e-flex e-con e-child\" data-id=\"54d00f5\" data-element_type=\"container\" data-e-type=\"container\">\n\t\t\t\t<div class=\"elementor-element elementor-element-7b3ed98 elementor-widget elementor-widget-heading\" data-id=\"7b3ed98\" data-element_type=\"widget\" data-e-type=\"widget\" data-widget_type=\"heading.default\">\n\t\t\t\t<div class=\"elementor-widget-container\">\n\t\t\t\t\t<h3 class=\"elementor-heading-title elementor-size-default\">Anstehende Termine<\/h3>\t\t\t\t<\/div>\n\t\t\t\t<\/div>\n\t\t<div class=\"elementor-element elementor-element-4ad9c5e e-con-full e-grid e-con e-child\" data-id=\"4ad9c5e\" data-element_type=\"container\" data-e-type=\"container\">\n\t\t\t\t<div class=\"elementor-element elementor-element-9d20de5 elementor-widget elementor-widget-text-editor\" data-id=\"9d20de5\" data-element_type=\"widget\" data-e-type=\"widget\" data-widget_type=\"text-editor.default\">\n\t\t\t\t<div class=\"elementor-widget-container\">\n\t\t\t\t\t\t\t\t\t<p><strong>06.05.2026<br \/>Vereinsmeisterschaft Fita 2026<\/strong><br \/>in Hengstfeld<\/p>\t\t\t\t\t\t\t\t<\/div>\n\t\t\t\t<\/div>\n\t\t\t\t<div class=\"elementor-element elementor-element-fe69c5b elementor-widget elementor-widget-text-editor\" data-id=\"fe69c5b\" data-element_type=\"widget\" data-e-type=\"widget\" data-widget_type=\"text-editor.default\">\n\t\t\t\t<div class=\"elementor-widget-container\">\n\t\t\t\t\t\t\t\t\t<p><strong>06.06.2026<\/strong><br \/><strong>Kreismeisterschaft FITA 2026<\/strong><br \/>in Hengstfeld<\/p>\t\t\t\t\t\t\t\t<\/div>\n\t\t\t\t<\/div>\n\t\t\t\t<div class=\"elementor-element elementor-element-39eb37a elementor-widget elementor-widget-text-editor\" data-id=\"39eb37a\" data-element_type=\"widget\" data-e-type=\"widget\" data-widget_type=\"text-editor.default\">\n\t\t\t\t<div class=\"elementor-widget-container\">\n\t\t\t\t\t\t\t\t\t<p><strong>28.06.2026<br \/>Guckenturnier 2026<br \/><\/strong>in Dinkelsb\u00fchl<\/p>\t\t\t\t\t\t\t\t<\/div>\n\t\t\t\t<\/div>\n\t\t<div class=\"elementor-element elementor-element-f30c5b6 e-con-full e-flex e-con e-child\" data-id=\"f30c5b6\" data-element_type=\"container\" data-e-type=\"container\">\n\t\t\t\t<\/div>\n\t\t\t\t<\/div>\n\t\t\t\t<\/div>\n\t\t\t\t\t<\/div>\n\t\t\t\t<\/div>\n\t\t<div class=\"elementor-element elementor-element-9bc8430 e-flex e-con-boxed e-con e-parent\" data-id=\"9bc8430\" data-element_type=\"container\" data-e-type=\"container\">\n\t\t\t\t\t<div class=\"e-con-inner\">\n\t\t<div class=\"elementor-element elementor-element-46680dd e-con-full e-flex e-con e-child\" data-id=\"46680dd\" data-element_type=\"container\" data-e-type=\"container\">\n\t\t\t\t<div class=\"elementor-element elementor-element-2abf281 elementor-widget elementor-widget-heading\" data-id=\"2abf281\" data-element_type=\"widget\" data-e-type=\"widget\" data-widget_type=\"heading.default\">\n\t\t\t\t<div class=\"elementor-widget-container\">\n\t\t\t\t\t<h3 class=\"elementor-heading-title elementor-size-default\">Trainingszeiten im Freien<br><\/h3>\t\t\t\t<\/div>\n\t\t\t\t<\/div>\n\t\t\t\t<div class=\"elementor-element elementor-element-04f34ad elementor-widget elementor-widget-text-editor\" data-id=\"04f34ad\" data-element_type=\"widget\" data-e-type=\"widget\" data-widget_type=\"text-editor.default\">\n\t\t\t\t<div class=\"elementor-widget-container\">\n\t\t\t\t\t\t\t\t\t<p>Mittwoch<br \/>18:00 &#8211; 21:30 Uhr<\/p><p>\u00a0<\/p>\t\t\t\t\t\t\t\t<\/div>\n\t\t\t\t<\/div>\n\t\t\t\t<div class=\"elementor-element elementor-element-fa942e7 elementor-widget elementor-widget-text-editor\" data-id=\"fa942e7\" data-element_type=\"widget\" data-e-type=\"widget\" data-widget_type=\"text-editor.default\">\n\t\t\t\t<div class=\"elementor-widget-container\">\n\t\t\t\t\t\t\t\t\t<p><strong>Bogenplatz Hengstfeld<\/strong><br \/>Mittelgasse 24<br \/>74599 Wallhausen \u2013 Hengstfeld<br \/>hinter dem Sportplatz<\/p>\t\t\t\t\t\t\t\t<\/div>\n\t\t\t\t<\/div>\n\t\t\t\t<\/div>\n\t\t<div class=\"elementor-element elementor-element-b11d0bb e-con-full e-flex e-con e-child\" data-id=\"b11d0bb\" data-element_type=\"container\" data-e-type=\"container\">\n\t\t\t\t<div class=\"elementor-element elementor-element-2277f28 elementor-widget elementor-widget-heading\" data-id=\"2277f28\" data-element_type=\"widget\" data-e-type=\"widget\" data-widget_type=\"heading.default\">\n\t\t\t\t<div class=\"elementor-widget-container\">\n\t\t\t\t\t<h3 class=\"elementor-heading-title elementor-size-default\">Trainingszeiten in der Halle<\/h3>\t\t\t\t<\/div>\n\t\t\t\t<\/div>\n\t\t\t\t<div class=\"elementor-element elementor-element-942b440 elementor-widget elementor-widget-text-editor\" data-id=\"942b440\" data-element_type=\"widget\" data-e-type=\"widget\" data-widget_type=\"text-editor.default\">\n\t\t\t\t<div class=\"elementor-widget-container\">\n\t\t\t\t\t\t\t\t\t<p>Mittwoch<br \/>19:00 &#8211; 22:00 Uhr<\/p><p>Donnerstag<br \/>17:00 &#8211; 18:30 Uhr<\/p>\t\t\t\t\t\t\t\t<\/div>\n\t\t\t\t<\/div>\n\t\t\t\t<div class=\"elementor-element elementor-element-af50603 elementor-widget elementor-widget-text-editor\" data-id=\"af50603\" data-element_type=\"widget\" data-e-type=\"widget\" data-widget_type=\"text-editor.default\">\n\t\t\t\t<div class=\"elementor-widget-container\">\n\t\t\t\t\t\t\t\t\t<p><strong>Kistenwiesen Halle<br \/><\/strong>In den Kistenwiesen 2-3<br \/>74564 Crailsheim<br \/>neben dem Hallenbad<\/p>\t\t\t\t\t\t\t\t<\/div>\n\t\t\t\t<\/div>\n\t\t\t\t<\/div>\n\t\t\t\t\t<\/div>\n\t\t\t\t<\/div>\n\t\t\t\t<\/div>\n\t\t","protected":false},"excerpt":{"rendered":"<p>Willkommen bei den Crailsheimer Bogensch\u00fctzen! Willkommen bei den Crailsheimer Bogensch\u00fctzen! Mitten im sch\u00f6nen Hohenlohe-Franken, zwischen Tradition und Pr\u00e4zision, liegt unsere Leidenschaft: das Bogenschie\u00dfen. Ob Anf\u00e4nger oder erfahrener Sch\u00fctze \u2013 bei uns findet jeder seinen Platz. Unser Verein steht f\u00fcr Gemeinschaft, sportlichen Ehrgeiz und die Faszination eines der \u00e4ltesten Sportarten der Welt. Ziele setzen. Pfeile fliegen [&hellip;]<\/p>\n","protected":false},"author":1,"featured_media":0,"parent":0,"menu_order":0,"comment_status":"closed","ping_status":"closed","template":"","meta":{"footnotes":""},"class_list":["post-746","page","type-page","status-publish","hentry"],"blocksy_meta":[],"_links":{"self":[{"href":"https:\/\/www.cr-bogenschuetzen.de\/index.php\/wp-json\/wp\/v2\/pages\/746","targetHints":{"allow":["GET"]}}],"collection":[{"href":"https:\/\/www.cr-bogenschuetzen.de\/index.php\/wp-json\/wp\/v2\/pages"}],"about":[{"href":"https:\/\/www.cr-bogenschuetzen.de\/index.php\/wp-json\/wp\/v2\/types\/page"}],"author":[{"embeddable":true,"href":"https:\/\/www.cr-bogenschuetzen.de\/index.php\/wp-json\/wp\/v2\/users\/1"}],"replies":[{"embeddable":true,"href":"https:\/\/www.cr-bogenschuetzen.de\/index.php\/wp-json\/wp\/v2\/comments?post=746"}],"version-history":[{"count":153,"href":"https:\/\/www.cr-bogenschuetzen.de\/index.php\/wp-json\/wp\/v2\/pages\/746\/revisions"}],"predecessor-version":[{"id":1068,"href":"https:\/\/www.cr-bogenschuetzen.de\/index.php\/wp-json\/wp\/v2\/pages\/746\/revisions\/1068"}],"wp:attachment":[{"href":"https:\/\/www.cr-bogenschuetzen.de\/index.php\/wp-json\/wp\/v2\/media?parent=746"}],"curies":[{"name":"wp","href":"https:\/\/api.w.org\/{rel}","templated":true}]}}